{"id":64,"date":"2026-02-09T20:06:20","date_gmt":"2026-02-09T20:06:20","guid":{"rendered":"https:\/\/silooapp.com\/produit\/formation-mindfulness-et-meditation\/"},"modified":"2026-02-09T20:06:20","modified_gmt":"2026-02-09T20:06:20","slug":"formation-mindfulness-et-meditation","status":"publish","type":"product","link":"https:\/\/silooapp.com\/en\/product\/formation-mindfulness-et-meditation\/","title":{"rendered":"Formation: Mindfulness et M\u00e9ditation"},"content":{"rendered":"<p>D\u00e9couvrez les bienfaits de la mindfulness et de la m\u00e9ditation avec cette formation qui vous guide \u00e0 travers des techniques pour am\u00e9liorer votre concentration et votre bien-\u00eatre.<\/p>","protected":false},"excerpt":{"rendered":"<p>D\u00e9couvrez les bienfaits de la mindfulness et de la m\u00e9ditation avec cette formation qui vous guide \u00e0 travers des techniques pour am\u00e9liorer votre concentration et votre bien-\u00eatre.<\/p>","protected":false},"featured_media":0,"comment_status":"open","ping_status":"closed","template":"","meta":[],"product_brand":[],"product_cat":[27],"product_tag":[],"class_list":{"0":"post-64","1":"product","2":"type-product","3":"status-publish","5":"product_cat-psychologie","7":"first","8":"instock","9":"shipping-taxable","10":"purchasable","11":"product-type-simple"},"jetpack_sharing_enabled":true,"_links":{"self":[{"href":"https:\/\/silooapp.com\/en\/wp-json\/wp\/v2\/product\/64","targetHints":{"allow":["GET"]}}],"collection":[{"href":"https:\/\/silooapp.com\/en\/wp-json\/wp\/v2\/product"}],"about":[{"href":"https:\/\/silooapp.com\/en\/wp-json\/wp\/v2\/types\/product"}],"replies":[{"embeddable":true,"href":"https:\/\/silooapp.com\/en\/wp-json\/wp\/v2\/comments?post=64"}],"wp:attachment":[{"href":"https:\/\/silooapp.com\/en\/wp-json\/wp\/v2\/media?parent=64"}],"wp:term":[{"taxonomy":"product_brand","embeddable":true,"href":"https:\/\/silooapp.com\/en\/wp-json\/wp\/v2\/product_brand?post=64"},{"taxonomy":"product_cat","embeddable":true,"href":"https:\/\/silooapp.com\/en\/wp-json\/wp\/v2\/product_cat?post=64"},{"taxonomy":"product_tag","embeddable":true,"href":"https:\/\/silooapp.com\/en\/wp-json\/wp\/v2\/product_tag?post=64"}],"curies":[{"name":"wp","href":"https:\/\/api.w.org\/{rel}","templated":true}]}}