{"id":56,"date":"2026-02-09T20:06:19","date_gmt":"2026-02-09T20:06:19","guid":{"rendered":"https:\/\/silooapp.com\/produit\/formation-gestion-du-stress\/"},"modified":"2026-02-09T20:06:19","modified_gmt":"2026-02-09T20:06:19","slug":"formation-gestion-du-stress","status":"publish","type":"product","link":"https:\/\/silooapp.com\/en\/product\/formation-gestion-du-stress\/","title":{"rendered":"Formation: Gestion du Stress"},"content":{"rendered":"<p>Apprenez \u00e0 g\u00e9rer le stress efficacement avec des techniques \u00e9prouv\u00e9es qui vous aideront \u00e0 maintenir votre calme et votre concentration dans les situations difficiles.<\/p>","protected":false},"excerpt":{"rendered":"<p>Apprenez \u00e0 g\u00e9rer le stress efficacement avec des techniques \u00e9prouv\u00e9es qui vous aideront \u00e0 maintenir votre calme et votre concentration dans les situations difficiles.<\/p>","protected":false},"featured_media":0,"comment_status":"open","ping_status":"closed","template":"","meta":[],"product_brand":[],"product_cat":[27],"product_tag":[],"class_list":{"0":"post-56","1":"product","2":"type-product","3":"status-publish","5":"product_cat-psychologie","7":"first","8":"instock","9":"shipping-taxable","10":"purchasable","11":"product-type-simple"},"jetpack_sharing_enabled":true,"_links":{"self":[{"href":"https:\/\/silooapp.com\/en\/wp-json\/wp\/v2\/product\/56","targetHints":{"allow":["GET"]}}],"collection":[{"href":"https:\/\/silooapp.com\/en\/wp-json\/wp\/v2\/product"}],"about":[{"href":"https:\/\/silooapp.com\/en\/wp-json\/wp\/v2\/types\/product"}],"replies":[{"embeddable":true,"href":"https:\/\/silooapp.com\/en\/wp-json\/wp\/v2\/comments?post=56"}],"wp:attachment":[{"href":"https:\/\/silooapp.com\/en\/wp-json\/wp\/v2\/media?parent=56"}],"wp:term":[{"taxonomy":"product_brand","embeddable":true,"href":"https:\/\/silooapp.com\/en\/wp-json\/wp\/v2\/product_brand?post=56"},{"taxonomy":"product_cat","embeddable":true,"href":"https:\/\/silooapp.com\/en\/wp-json\/wp\/v2\/product_cat?post=56"},{"taxonomy":"product_tag","embeddable":true,"href":"https:\/\/silooapp.com\/en\/wp-json\/wp\/v2\/product_tag?post=56"}],"curies":[{"name":"wp","href":"https:\/\/api.w.org\/{rel}","templated":true}]}}