{"id":23,"date":"2026-02-09T20:05:47","date_gmt":"2026-02-09T20:05:47","guid":{"rendered":"https:\/\/silooapp.com\/a-propos\/"},"modified":"2026-02-09T21:45:28","modified_gmt":"2026-02-09T21:45:28","slug":"a-propos","status":"publish","type":"page","link":"https:\/\/silooapp.com\/en\/a-propos\/","title":{"rendered":"\u00c0 propos"},"content":{"rendered":"<div class=\"wp-block-group alignfull is-style-ext-preset--group--natural-1--section has-background-background-color has-background has-global-padding is-layout-constrained wp-block-group-is-layout-constrained\" id=\"a-propos\" style=\"margin-top:0;margin-bottom:0;padding-top:var(--wp--preset--spacing--70);padding-bottom:var(--wp--preset--spacing--70)\">\n<div class=\"wp-block-columns alignwide are-vertically-aligned-center is-layout-flex wp-container-core-columns-is-layout-174606dc wp-block-columns-is-layout-flex\">\n<div class=\"wp-block-column is-vertically-aligned-center is-layout-flow wp-block-column-is-layout-flow\">\n<div class=\"wp-block-group alignwide is-vertical is-layout-flex wp-container-core-group-is-layout-c35747d5 wp-block-group-is-layout-flex\">\n<div class=\"wp-block-group has-global-padding is-layout-constrained wp-container-core-group-is-layout-dd32767c wp-block-group-is-layout-constrained\">\n<h2 class=\"wp-block-heading\">D\u00e9couvrez une nouvelle mani\u00e8re d&rsquo;apprendre avec Siloo<\/h2>\n\n\n\n<p>Siloo transforme l&rsquo;apprentissage en rendant accessible et rapide la connaissance essentielle, guid\u00e9e par une vision d&rsquo;efficacit\u00e9 et d&rsquo;impact personnel.<\/p>\n<\/div>\n<\/div>\n<\/div>\n\n\n\n<div class=\"wp-block-column is-vertically-aligned-center is-layout-flow wp-block-column-is-layout-flow\">\n<figure class=\"wp-block-image is-style-ext-preset--image--natural-1--image-1--content-left is-style-ext-preset--image--natural-1--image-1--content-left--2\"><img loading=\"lazy\" decoding=\"async\" width=\"1440\" height=\"960\" class=\"wp-image-77\" src=\"https:\/\/silooapp.com\/wp-content\/uploads\/2026\/02\/3a9a5fae1cd31c8d31d2176101e022d7d2c44c5a.jpg\" alt=\"\" style=\"aspect-ratio:1;object-fit:cover\"\/><\/figure>\n<\/div>\n<\/div>\n<\/div>\n\n<div class=\"wp-block-group alignfull is-style-ext-preset--group--natural-1--section has-tertiary-background-color has-background has-global-padding is-layout-constrained wp-container-core-group-is-layout-e955bbaf wp-block-group-is-layout-constrained\" id=\"fonctionnalites\" style=\"margin-top:0;margin-bottom:0;padding-top:var(--wp--preset--spacing--70);padding-bottom:var(--wp--preset--spacing--70)\">\n<div class=\"wp-block-group alignwide is-vertical is-content-justification-center is-layout-flex wp-container-core-group-is-layout-c9ee0c5a wp-block-group-is-layout-flex\">\n<div class=\"wp-block-group has-global-padding is-layout-constrained wp-container-core-group-is-layout-2287c683 wp-block-group-is-layout-constrained\">\n<h2 class=\"wp-block-heading has-text-align-center\">Siloo &#8211; Apprenez vite, progressez mieux<\/h2>\n\n\n\n<p class=\"has-text-align-center\">D\u00e9couvrez comment Siloo r\u00e9volutionne l&rsquo;apprentissage avec des r\u00e9sum\u00e9s efficaces et un coaching digital personnalis\u00e9.<\/p>\n<\/div>\n<\/div>\n\n\n\n<div class=\"wp-block-columns alignwide is-layout-flex wp-container-core-columns-is-layout-08c01c1c wp-block-columns-is-layout-flex\">\n<div class=\"wp-block-column is-layout-flow wp-block-column-is-layout-flow\">\n<div class=\"wp-block-group is-style-ext-preset--group--natural-1--item-card-1--align-center has-global-padding is-layout-constrained wp-block-group-is-layout-constrained is-style-ext-preset--group--natural-1--item-card-1--align-center--4\">\n<figure class=\"wp-block-image\"><img loading=\"lazy\" decoding=\"async\" width=\"1440\" height=\"960\" class=\"wp-image-77\" src=\"https:\/\/silooapp.com\/wp-content\/uploads\/2026\/02\/3a9a5fae1cd31c8d31d2176101e022d7d2c44c5a.jpg\" alt=\"\" style=\"aspect-ratio:4\/3;object-fit:cover\"\/><\/figure>\n\n\n\n<div class=\"wp-block-group is-style-default has-global-padding is-layout-constrained wp-block-group-is-layout-constrained\">\n<h3 class=\"wp-block-heading has-text-align-center\">R\u00e9sum\u00e9s audio et texte<\/h3>\n\n\n\n<p class=\"has-text-align-center\">Acc\u00e9dez rapidement aux id\u00e9es cl\u00e9s des meilleurs livres et formations, pour un apprentissage simplifi\u00e9.<\/p>\n<\/div>\n<\/div>\n<\/div>\n\n\n\n<div class=\"wp-block-column is-layout-flow wp-block-column-is-layout-flow\">\n<div class=\"wp-block-group is-style-ext-preset--group--natural-1--item-card-1--align-center has-global-padding is-layout-constrained wp-block-group-is-layout-constrained is-style-ext-preset--group--natural-1--item-card-1--align-center--5\">\n<figure class=\"wp-block-image\"><img loading=\"lazy\" decoding=\"async\" width=\"1440\" height=\"960\" class=\"wp-image-83\" src=\"https:\/\/silooapp.com\/wp-content\/uploads\/2026\/02\/a690dbae78e2c9796f21fa63e47cdf7e8d6aff82.jpg\" alt=\"\" style=\"aspect-ratio:4\/3;object-fit:cover\" srcset=\"https:\/\/silooapp.com\/wp-content\/uploads\/2026\/02\/a690dbae78e2c9796f21fa63e47cdf7e8d6aff82.jpg 1440w, https:\/\/silooapp.com\/wp-content\/uploads\/2026\/02\/a690dbae78e2c9796f21fa63e47cdf7e8d6aff82-300x200.jpg 300w, https:\/\/silooapp.com\/wp-content\/uploads\/2026\/02\/a690dbae78e2c9796f21fa63e47cdf7e8d6aff82-1024x683.jpg 1024w, https:\/\/silooapp.com\/wp-content\/uploads\/2026\/02\/a690dbae78e2c9796f21fa63e47cdf7e8d6aff82-768x512.jpg 768w, https:\/\/silooapp.com\/wp-content\/uploads\/2026\/02\/a690dbae78e2c9796f21fa63e47cdf7e8d6aff82-18x12.jpg 18w, https:\/\/silooapp.com\/wp-content\/uploads\/2026\/02\/a690dbae78e2c9796f21fa63e47cdf7e8d6aff82-600x400.jpg 600w\" sizes=\"auto, (max-width: 1440px) 100vw, 1440px\" \/><\/figure>\n\n\n\n<div class=\"wp-block-group is-style-default has-global-padding is-layout-constrained wp-block-group-is-layout-constrained\">\n<h3 class=\"wp-block-heading has-text-align-center\">Masterclass th\u00e9matiques<\/h3>\n\n\n\n<p class=\"has-text-align-center\">Participez \u00e0 des sessions guid\u00e9es sur des sujets vari\u00e9s pour approfondir vos connaissances.<\/p>\n<\/div>\n<\/div>\n<\/div>\n\n\n\n<div class=\"wp-block-column is-layout-flow wp-block-column-is-layout-flow\">\n<div class=\"wp-block-group is-style-ext-preset--group--natural-1--item-card-1--align-center has-global-padding is-layout-constrained wp-block-group-is-layout-constrained is-style-ext-preset--group--natural-1--item-card-1--align-center--6\">\n<figure class=\"wp-block-image\"><img loading=\"lazy\" decoding=\"async\" width=\"960\" height=\"1440\" class=\"wp-image-84\" src=\"https:\/\/silooapp.com\/wp-content\/uploads\/2026\/02\/f2bc662a81ac9a480e8d426d780fafb3fd7faabb.jpg\" alt=\"\" style=\"aspect-ratio:4\/3;object-fit:cover\" srcset=\"https:\/\/silooapp.com\/wp-content\/uploads\/2026\/02\/f2bc662a81ac9a480e8d426d780fafb3fd7faabb.jpg 960w, https:\/\/silooapp.com\/wp-content\/uploads\/2026\/02\/f2bc662a81ac9a480e8d426d780fafb3fd7faabb-200x300.jpg 200w, https:\/\/silooapp.com\/wp-content\/uploads\/2026\/02\/f2bc662a81ac9a480e8d426d780fafb3fd7faabb-683x1024.jpg 683w, https:\/\/silooapp.com\/wp-content\/uploads\/2026\/02\/f2bc662a81ac9a480e8d426d780fafb3fd7faabb-768x1152.jpg 768w, https:\/\/silooapp.com\/wp-content\/uploads\/2026\/02\/f2bc662a81ac9a480e8d426d780fafb3fd7faabb-8x12.jpg 8w, https:\/\/silooapp.com\/wp-content\/uploads\/2026\/02\/f2bc662a81ac9a480e8d426d780fafb3fd7faabb-600x900.jpg 600w\" sizes=\"auto, (max-width: 960px) 100vw, 960px\" \/><\/figure>\n\n\n\n<div class=\"wp-block-group is-style-default has-global-padding is-layout-constrained wp-block-group-is-layout-constrained\">\n<h3 class=\"wp-block-heading has-text-align-center\">Coach digital intelligent<\/h3>\n\n\n\n<p class=\"has-text-align-center\">B\u00e9n\u00e9ficiez d\u2019un accompagnement personnalis\u00e9 pour optimiser votre parcours d\u2019apprentissage.<\/p>\n<\/div>\n<\/div>\n<\/div>\n<\/div>\n<\/div>\n\n<div class=\"wp-block-group alignfull is-style-ext-preset--group--natural-1--section has-background-background-color has-background has-global-padding is-layout-constrained wp-container-core-group-is-layout-e955bbaf wp-block-group-is-layout-constrained\" style=\"margin-top:0;margin-bottom:0;padding-top:var(--wp--preset--spacing--70);padding-bottom:var(--wp--preset--spacing--70)\">\n<div class=\"wp-block-group alignwide is-vertical is-content-justification-center is-layout-flex wp-container-core-group-is-layout-c9ee0c5a wp-block-group-is-layout-flex\">\n<div class=\"wp-block-group has-global-padding is-layout-constrained wp-container-core-group-is-layout-5e05634a wp-block-group-is-layout-constrained\">\n<h2 class=\"wp-block-heading has-text-align-center\">Succ\u00e8s concrets et retours inspirants de nos apprenants<\/h2>\n\n\n\n<p class=\"has-text-align-center\">D\u00e9couvrez pas \u00e0 pas comment Siloo vous guide pour apprendre vite et bien, m\u00eame avec un emploi du temps charg\u00e9.<\/p>\n<\/div>\n<\/div>\n\n\n\n<div class=\"wp-block-columns alignwide are-vertically-aligned-center is-layout-flex wp-container-core-columns-is-layout-174606dc wp-block-columns-is-layout-flex\">\n<div class=\"wp-block-column is-vertically-aligned-center is-layout-flow wp-block-column-is-layout-flow\">\n<div class=\"wp-block-group alignwide is-vertical is-layout-flex wp-container-core-group-is-layout-c35747d5 wp-block-group-is-layout-flex\">\n<div class=\"wp-block-group has-global-padding is-layout-constrained wp-container-core-group-is-layout-dd32767c wp-block-group-is-layout-constrained\">\n<h3 class=\"wp-block-heading\">Un t\u00e9moignage sur une progression spectaculaire gr\u00e2ce \u00e0 Siloo<\/h3>\n\n\n\n<p>Cette \u00e9tude illustre comment un utilisateur a transform\u00e9 son apprentissage gr\u00e2ce \u00e0 Siloo, am\u00e9liorant sa productivit\u00e9, ses connaissances et sa confiance en soi.<\/p>\n<\/div>\n<\/div>\n<\/div>\n\n\n\n<div class=\"wp-block-column is-vertically-aligned-center is-layout-flow wp-block-column-is-layout-flow\">\n<figure class=\"wp-block-image is-style-ext-preset--image--natural-1--image-1--content-left is-style-ext-preset--image--natural-1--image-1--content-left--8\"><img loading=\"lazy\" decoding=\"async\" width=\"1280\" height=\"1828\" class=\"wp-image-85\" src=\"https:\/\/silooapp.com\/wp-content\/uploads\/2026\/02\/2b783ce0fcce64ff67550eff598174e761599f21.jpg\" alt=\"\" style=\"aspect-ratio:4\/3;object-fit:cover\" srcset=\"https:\/\/silooapp.com\/wp-content\/uploads\/2026\/02\/2b783ce0fcce64ff67550eff598174e761599f21.jpg 1280w, https:\/\/silooapp.com\/wp-content\/uploads\/2026\/02\/2b783ce0fcce64ff67550eff598174e761599f21-210x300.jpg 210w, https:\/\/silooapp.com\/wp-content\/uploads\/2026\/02\/2b783ce0fcce64ff67550eff598174e761599f21-717x1024.jpg 717w, https:\/\/silooapp.com\/wp-content\/uploads\/2026\/02\/2b783ce0fcce64ff67550eff598174e761599f21-768x1097.jpg 768w, https:\/\/silooapp.com\/wp-content\/uploads\/2026\/02\/2b783ce0fcce64ff67550eff598174e761599f21-1076x1536.jpg 1076w, https:\/\/silooapp.com\/wp-content\/uploads\/2026\/02\/2b783ce0fcce64ff67550eff598174e761599f21-8x12.jpg 8w, https:\/\/silooapp.com\/wp-content\/uploads\/2026\/02\/2b783ce0fcce64ff67550eff598174e761599f21-600x857.jpg 600w\" sizes=\"auto, (max-width: 1280px) 100vw, 1280px\" \/><\/figure>\n<\/div>\n<\/div>\n\n\n\n<div class=\"wp-block-columns alignwide are-vertically-aligned-center is-layout-flex wp-container-core-columns-is-layout-ed161d23 wp-block-columns-is-layout-flex\" style=\"margin-top:var(--wp--preset--spacing--50)\">\n<div class=\"wp-block-column is-vertically-aligned-center is-layout-flow wp-block-column-is-layout-flow\">\n<figure class=\"wp-block-image is-style-ext-preset--image--natural-1--image-1--content-right is-style-ext-preset--image--natural-1--image-1--content-right--9\"><img loading=\"lazy\" decoding=\"async\" width=\"1280\" height=\"1920\" class=\"wp-image-86\" src=\"https:\/\/silooapp.com\/wp-content\/uploads\/2026\/02\/36a54e0622f55fe74c283ea0fec349967e420444.jpg\" alt=\"\" style=\"aspect-ratio:4\/3;object-fit:cover\" srcset=\"https:\/\/silooapp.com\/wp-content\/uploads\/2026\/02\/36a54e0622f55fe74c283ea0fec349967e420444.jpg 1280w, https:\/\/silooapp.com\/wp-content\/uploads\/2026\/02\/36a54e0622f55fe74c283ea0fec349967e420444-200x300.jpg 200w, https:\/\/silooapp.com\/wp-content\/uploads\/2026\/02\/36a54e0622f55fe74c283ea0fec349967e420444-683x1024.jpg 683w, https:\/\/silooapp.com\/wp-content\/uploads\/2026\/02\/36a54e0622f55fe74c283ea0fec349967e420444-768x1152.jpg 768w, https:\/\/silooapp.com\/wp-content\/uploads\/2026\/02\/36a54e0622f55fe74c283ea0fec349967e420444-1024x1536.jpg 1024w, https:\/\/silooapp.com\/wp-content\/uploads\/2026\/02\/36a54e0622f55fe74c283ea0fec349967e420444-8x12.jpg 8w, https:\/\/silooapp.com\/wp-content\/uploads\/2026\/02\/36a54e0622f55fe74c283ea0fec349967e420444-600x900.jpg 600w\" sizes=\"auto, (max-width: 1280px) 100vw, 1280px\" \/><\/figure>\n<\/div>\n\n\n\n<div class=\"wp-block-column is-vertically-aligned-center is-layout-flow wp-block-column-is-layout-flow\">\n<div class=\"wp-block-group alignwide is-vertical is-layout-flex wp-container-core-group-is-layout-c35747d5 wp-block-group-is-layout-flex\">\n<div class=\"wp-block-group has-global-padding is-layout-constrained wp-container-core-group-is-layout-dd32767c wp-block-group-is-layout-constrained\">\n<h3 class=\"wp-block-heading\">Construire un avenir brillant gr\u00e2ce \u00e0 un apprentissage cibl\u00e9.<\/h3>\n\n\n\n<p>Cette \u00e9tude d\u00e9taille comment un \u00e9tudiant a surmont\u00e9 ses difficult\u00e9s, optimis\u00e9 son temps et atteint ses objectifs avec Siloo.<\/p>\n<\/div>\n<\/div>\n<\/div>\n<\/div>\n\n\n\n<div class=\"wp-block-columns alignwide are-vertically-aligned-center is-layout-flex wp-container-core-columns-is-layout-ed161d23 wp-block-columns-is-layout-flex\" style=\"margin-top:var(--wp--preset--spacing--50)\">\n<div class=\"wp-block-column is-vertically-aligned-center is-layout-flow wp-block-column-is-layout-flow\">\n<div class=\"wp-block-group alignwide is-vertical is-layout-flex wp-container-core-group-is-layout-c35747d5 wp-block-group-is-layout-flex\">\n<div class=\"wp-block-group has-global-padding is-layout-constrained wp-container-core-group-is-layout-dd32767c wp-block-group-is-layout-constrained\">\n<h3 class=\"wp-block-heading\">R\u00e9inventer l\u2019apprentissage avec l\u2019outil id\u00e9al<\/h3>\n\n\n\n<p>Cette \u00e9tude met en avant comment un professionnel a utilis\u00e9 Siloo pour acc\u00e9l\u00e9rer son savoir, r\u00e9duire le gaspillage de temps et progresser efficacement.<\/p>\n<\/div>\n<\/div>\n<\/div>\n\n\n\n<div class=\"wp-block-column is-vertically-aligned-center is-layout-flow wp-block-column-is-layout-flow\">\n<figure class=\"wp-block-image is-style-ext-preset--image--natural-1--image-1--content-left is-style-ext-preset--image--natural-1--image-1--content-left--10\"><img loading=\"lazy\" decoding=\"async\" width=\"1280\" height=\"1920\" class=\"wp-image-87\" src=\"https:\/\/silooapp.com\/wp-content\/uploads\/2026\/02\/cc2297ed0d976c37cbd460dfe1eedc430439fd68.jpg\" alt=\"\" style=\"aspect-ratio:4\/3;object-fit:cover\" srcset=\"https:\/\/silooapp.com\/wp-content\/uploads\/2026\/02\/cc2297ed0d976c37cbd460dfe1eedc430439fd68.jpg 1280w, https:\/\/silooapp.com\/wp-content\/uploads\/2026\/02\/cc2297ed0d976c37cbd460dfe1eedc430439fd68-200x300.jpg 200w, https:\/\/silooapp.com\/wp-content\/uploads\/2026\/02\/cc2297ed0d976c37cbd460dfe1eedc430439fd68-683x1024.jpg 683w, https:\/\/silooapp.com\/wp-content\/uploads\/2026\/02\/cc2297ed0d976c37cbd460dfe1eedc430439fd68-768x1152.jpg 768w, https:\/\/silooapp.com\/wp-content\/uploads\/2026\/02\/cc2297ed0d976c37cbd460dfe1eedc430439fd68-1024x1536.jpg 1024w, https:\/\/silooapp.com\/wp-content\/uploads\/2026\/02\/cc2297ed0d976c37cbd460dfe1eedc430439fd68-8x12.jpg 8w, https:\/\/silooapp.com\/wp-content\/uploads\/2026\/02\/cc2297ed0d976c37cbd460dfe1eedc430439fd68-600x900.jpg 600w\" sizes=\"auto, (max-width: 1280px) 100vw, 1280px\" \/><\/figure>\n<\/div>\n<\/div>\n\n\n\n<div class=\"wp-block-buttons is-content-justification-center is-layout-flex wp-container-core-buttons-is-layout-a89b3969 wp-block-buttons-is-layout-flex\">\n<div class=\"wp-block-button is-style-ext-preset--button--natural-1--button-1 is-style-ext-preset--button--natural-1--button-1--11\"><a class=\"wp-block-button__link wp-element-button\" href=\"https:\/\/silooapp.com\/en\/temoignages\/\">En savoir plus<\/a><\/div>\n<\/div>\n<\/div>","protected":false},"excerpt":{"rendered":"<p>D\u00e9couvrez une nouvelle mani\u00e8re d&rsquo;apprendre avec Siloo Siloo transforme l&rsquo;apprentissage en rendant accessible et rapide la connaissance essentielle, guid\u00e9e par une vision d&rsquo;efficacit\u00e9 et d&rsquo;impact personnel. Siloo &#8211; Apprenez vite, progressez mieux D\u00e9couvrez comment Siloo r\u00e9volutionne l&rsquo;apprentissage avec des r\u00e9sum\u00e9s efficaces et un coaching digital personnalis\u00e9. R\u00e9sum\u00e9s audio et texte Acc\u00e9dez rapidement aux id\u00e9es cl\u00e9s [&hellip;]<\/p>\n","protected":false},"author":1,"featured_media":0,"parent":0,"menu_order":0,"comment_status":"closed","ping_status":"closed","template":"page-with-title","meta":{"footnotes":""},"class_list":["post-23","page","type-page","status-publish","hentry"],"jetpack_sharing_enabled":true,"_links":{"self":[{"href":"https:\/\/silooapp.com\/en\/wp-json\/wp\/v2\/pages\/23","targetHints":{"allow":["GET"]}}],"collection":[{"href":"https:\/\/silooapp.com\/en\/wp-json\/wp\/v2\/pages"}],"about":[{"href":"https:\/\/silooapp.com\/en\/wp-json\/wp\/v2\/types\/page"}],"author":[{"embeddable":true,"href":"https:\/\/silooapp.com\/en\/wp-json\/wp\/v2\/users\/1"}],"replies":[{"embeddable":true,"href":"https:\/\/silooapp.com\/en\/wp-json\/wp\/v2\/comments?post=23"}],"version-history":[{"count":2,"href":"https:\/\/silooapp.com\/en\/wp-json\/wp\/v2\/pages\/23\/revisions"}],"predecessor-version":[{"id":88,"href":"https:\/\/silooapp.com\/en\/wp-json\/wp\/v2\/pages\/23\/revisions\/88"}],"wp:attachment":[{"href":"https:\/\/silooapp.com\/en\/wp-json\/wp\/v2\/media?parent=23"}],"curies":[{"name":"wp","href":"https:\/\/api.w.org\/{rel}","templated":true}]}}